{"id":1196,"date":"2020-10-30T11:33:47","date_gmt":"2020-10-30T10:33:47","guid":{"rendered":"https:\/\/portal.bks-campus.ch\/?page_id=1196"},"modified":"2024-06-10T12:10:21","modified_gmt":"2024-06-10T10:10:21","slug":"it-sicherheit","status":"publish","type":"page","link":"https:\/\/portal.bks-campus.ch\/?page_id=1196","title":{"rendered":"IT-Sicherheit"},"content":{"rendered":"\n<p><\/p>\n\n\n\n<p><strong>Neu:<\/strong> Betrugsquiz vom Nationalen Zentrum f\u00fcr Cybersicherheit <a href=\"https:\/\/www.s-u-p-e-r.ch\/de\/quiz\/betrugsquiz\/\" target=\"_blank\" rel=\"noreferrer noopener\">https:\/\/www.s-u-p-e-r.ch\/de\/quiz\/betrugsquiz\/<\/a><\/p>\n\n\n\n<p>Mitarbeiter sind dazu angehalten, regelm\u00e4ssig <a rel=\"noreferrer noopener\" href=\"https:\/\/afi.intranet.gr.ch\/\" data-type=\"URL\" data-id=\"https:\/\/afi.intranet.gr.ch\/\" target=\"_blank\">das Intranet des Amtes f\u00fcr Informatik<\/a> (nur aus dem Kantonalen Netzwerk aufrufbar) aufzusuchen und sich mit Neuigkeiten und den Schulungen vertraut zu machen.<br>Bitte beachten Sie insbesondere die folgenden Dokumente:<br>&#8211;<a rel=\"noreferrer noopener\" href=\"https:\/\/portal.bks-campus.ch\/wp-content\/uploads\/2020\/10\/Informatik-Sicherheit-Awareness-Broschuere-v2.1.pdf\" data-type=\"URL\" data-id=\"https:\/\/portal.bks-campus.ch\/wp-content\/uploads\/2020\/10\/Informatik-Sicherheit-Awareness-Broschuere-v2.1.pdf\" target=\"_blank\">Awareness-Brosch\u00fcre<\/a><br>&#8211;<a rel=\"noreferrer noopener\" href=\"https:\/\/portal.bks-campus.ch\/wp-content\/uploads\/2020\/10\/Informatik-Sicherheit-Awareness-Merkblatt-v2.1.pdf\" data-type=\"URL\" data-id=\"https:\/\/portal.bks-campus.ch\/wp-content\/uploads\/2020\/10\/Informatik-Sicherheit-Awareness-Merkblatt-v2.1.pdf\" target=\"_blank\">Awareness-Merkblatt<\/a><br>&#8211;<a href=\"https:\/\/portal.bks-campus.ch\/wp-content\/uploads\/2022\/12\/Nutzung_von_IKT.pdf\" target=\"_blank\" rel=\"noreferrer noopener\">Weisung AfI &#171;Nutzung von IKT&#187;<\/a><br>&#8211;<a href=\"https:\/\/portal.bks-campus.ch\/wp-content\/uploads\/2022\/12\/Kantonales-Datenschutzgesetz_171.100-2-1.de_.pdf\" target=\"_blank\" rel=\"noreferrer noopener\">kantonales Datenschutzgesetz<\/a><\/p>\n\n\n\n<p><strong>Passw\u00f6rter<\/strong>:<br>W\u00e4hlen Sie sichere, merkbare, schwer zu erratende Passw\u00f6rter.<br>Die Merkmale eines sicheren Passworts sind:<br>-Mindestens 8 Zeichen<br>-Enth\u00e4lt Gross- und Kleinbuchstaben, Zahlen und mindestens ein Sonderzeichen<br>-Ist nicht in einem W\u00f6rterbuch oder Orts- und Namensverzeichnis enthalten. (Quelle: <a href=\"https:\/\/www.easylearn.ch\/en\/sicheres-passwort\" target=\"_blank\" rel=\"noreferrer noopener\" data-type=\"URL\" data-id=\"https:\/\/www.easylearn.ch\/en\/sicheres-passwort\">easylearn.ch<\/a>)<\/p>\n\n\n\n<p><strong>Email-Passwort-Check:<\/strong><br>Ist meine e-Mail-Adresse schon einmal von einer gehackten Seite entwendet worden? Wenn ja, habe ich das Passwort ge\u00e4ndert? Oder schlimmer: Verwende ich diese Kombination (E-Mailadresse\/dieses Passwort) auch an anderen Orten?<br>Es empfiehlt es sich stark, f\u00fcr jede Website ein anderes Passwort zu verwenden. Dadurch kann verhindert werden, dass mit einem gestohlenen Passwort alle Dienste verwendet werden.<br>Beispiel:<br>Person A hat einen Account bei einem Forum f\u00fcr Modelleisenbahnen.<br>Ebenfalls hat Person A einen Account in einem Webshop.<br>Leider wird das Forum f\u00fcr Modelleisenbahnen gehackt &#8211; alle Zugangsdaten, inklusive Mail und Passwort, werden entwendet. Mit den gleichen Zugangsdaten kann nun auch der Webshop verwendet werden und Bestellungen ausgel\u00f6st werden.<br>\u00dcberpr\u00fcfe hier ob deine Mailadresse in einer Datenbank einer gehackten Seite war: <a href=\"https:\/\/haveibeenpwned.com\/\" target=\"_blank\" rel=\"noreferrer noopener\">https:\/\/haveibeenpwned.com\/<\/a><\/p>\n\n\n\n<p><strong>Phishing<\/strong>:<br>Definition: &#171;Beschaffung pers\u00f6nlicher Daten anderer Personen (wie Passwort, Kreditkartennummer o. \u00c4.) mit gef\u00e4lschten E-Mails oder Websites&#187;. (Quelle: <a href=\"https:\/\/www.duden.de\/rechtschreibung\/Phishing\" target=\"_blank\" rel=\"noreferrer noopener\" data-type=\"URL\" data-id=\"https:\/\/www.duden.de\/rechtschreibung\/Phishing\">duden.de<\/a>)<\/p>\n\n\n\n<p>Einige Merkmale eines Phishingmails sind:<br>-das Mail unaufgefordert erhalten<br>-der Absender ist unbekannt<br>-Fristen und Drohungen (Beispiel: &#171;Ihr Account wird deaktiviert&#187;\/&#187;Ihr Gewinn verf\u00e4llt&#187;)<br>-Rechtschreibfehler, fehlende Sonderzeichen<br><br>Diese Liste ist nicht abschliessend und es m\u00fcssen nicht alle Kriterien erf\u00fcllt sein &#8211; es gibt sehr sorgf\u00e4ltig erstellte Phishingmails, welche schwer als solche zu erkennen sind.<br><br>Das Amt f\u00fcr Informatik bietet auf dem Intranet weitere Informationen an:<br><a href=\"https:\/\/afi.intranet.gr.ch\/DE\/dienstleistungen\/sicherheit\/awareness\/Seiten\/Erkennung-von-Phishing-Nachrichten.aspx\" target=\"_blank\" rel=\"noreferrer noopener\" data-type=\"URL\" data-id=\"https:\/\/afi.intranet.gr.ch\/DE\/dienstleistungen\/sicherheit\/awareness\/Seiten\/Erkennung-von-Phishing-Nachrichten.aspx\">Erkennung von Phishing-Nachrichten<\/a> (nur aus dem Kantonalen Netzwerk aufrufbar)<br><a href=\"https:\/\/afi.intranet.gr.ch\/DE\/dienstleistungen\/sicherheit\/awareness\/Seiten\/Erkennung-von-Phishing-Links.aspx\" target=\"_blank\" rel=\"noreferrer noopener\" data-type=\"URL\" data-id=\"https:\/\/afi.intranet.gr.ch\/DE\/dienstleistungen\/sicherheit\/awareness\/Seiten\/Erkennung-von-Phishing-Links.aspx\">Erkennung von Phishing-Links<\/a> (nur aus dem Kantonalen Netzwerk aufrufbar)<br><br>Ebenfalls empfehlenswert und \u00f6ffentlich zug\u00e4nglich ist das Quiz von Google zum Thema Phishing.<br><a href=\"https:\/\/phishingquiz.withgoogle.com\/\" target=\"_blank\" rel=\"noreferrer noopener\" data-type=\"URL\" data-id=\"https:\/\/phishingquiz.withgoogle.com\/\">Nehmen Sie hier am Quiz teil und testen Sie, wie gut Sie Phishingversuche erkennen.<\/a><\/p>\n\n\n\n<p><strong>Malware<\/strong>:<br>Definition: &#171;Malware (zusammengesetzt aus dem engl. <em>malicious: <\/em>b\u00f6sartig und <em>ware<\/em> von Software) bezeichnet ein sch\u00e4dliches Programm (Schadsoftware). Dies sind Computerprogramme, die entwickelt wurden, um vom Benutzer unerw\u00fcnschte bzw. sch\u00e4digende Funktionen auszuf\u00fchren.&#187; (Quelle: <a href=\"https:\/\/wirtschaftslexikon.gabler.de\/definition\/malware-53410\" target=\"_blank\" rel=\"noreferrer noopener\" data-type=\"URL\" data-id=\"https:\/\/wirtschaftslexikon.gabler.de\/definition\/malware-53410\">Gabler Wirtschaftslexikon<\/a>)<br><br>Es gibt verschiedene Kategorien von Malware:<br>-Trojaner: Verwendet um Passw\u00f6rter zu entweden und das System zu \u00fcberwachen<br>-Virus: H\u00e4ngt sich an andere Programme an um verbreitet zu werden. Viren ben\u00f6tigen andere Programme zu Verbreitung (\u00e4hnlich wie ihr biologisches \u00c4quivalent)<br>-Wurm: Sendet sich selbst an andere Personen und platziert Kopien<br><br>Moderne Malware l\u00e4sst sich oft schwer kategorisieren und weist Merkmale aller Kategorien auf. Beispiel: Ein Trojaner, welcher sich an andere Personen verschickt oder Kopien abspeichert.<br><br>Wie kann man sich vor Malware sch\u00fctzen?<br>-F\u00fchren Sie regelm\u00e4ssig Updates sowohl f\u00fcr Ihr Betriebssystem als auch Antvirus aus. Viele Hersteller unterst\u00fctzen Sie dabei, indem sie automatische Updates anbieten.<br>-Besuchen Sie nur Websites, welche Sie kennen und vertrauen<br>-Verzichten Sie darauf, Programme auszuf\u00fchren, deren Ursprung Sie nicht kennen<br>-Sperren Sie Ihr Ger\u00e4t beim verlassen um eine Manipulation durch Drittpersonen zu verhindern<br>-Gefundene Speichermedien (USB-Sticks, CDs, Kameras) d\u00fcrfen nicht an Systeme angeschlossen werden<\/p>\n","protected":false},"excerpt":{"rendered":"<p>Neu: Betrugsquiz vom Nationalen Zentrum f\u00fcr Cybersicherheit https:\/\/www.s-u-p-e-r.ch\/de\/quiz\/betrugsquiz\/ Mitarbeiter sind dazu angehalten, regelm\u00e4ssig das Intranet des Amtes f\u00fcr Informatik (nur aus dem Kantonalen Netzwerk aufrufbar) aufzusuchen und sich mit Neuigkeiten und den Schulungen vertraut zu machen.Bitte beachten Sie insbesondere die folgenden Dokumente:&#8211;Awareness-Brosch\u00fcre&#8211;Awareness-Merkblatt&#8211;Weisung&#8230;<\/p>\n","protected":false},"author":2,"featured_media":0,"parent":156,"menu_order":0,"comment_status":"closed","ping_status":"closed","template":"","meta":{"footnotes":""},"class_list":["post-1196","page","type-page","status-publish","hentry"],"_links":{"self":[{"href":"https:\/\/portal.bks-campus.ch\/index.php?rest_route=\/wp\/v2\/pages\/1196","targetHints":{"allow":["GET"]}}],"collection":[{"href":"https:\/\/portal.bks-campus.ch\/index.php?rest_route=\/wp\/v2\/pages"}],"about":[{"href":"https:\/\/portal.bks-campus.ch\/index.php?rest_route=\/wp\/v2\/types\/page"}],"author":[{"embeddable":true,"href":"https:\/\/portal.bks-campus.ch\/index.php?rest_route=\/wp\/v2\/users\/2"}],"replies":[{"embeddable":true,"href":"https:\/\/portal.bks-campus.ch\/index.php?rest_route=%2Fwp%2Fv2%2Fcomments&post=1196"}],"version-history":[{"count":0,"href":"https:\/\/portal.bks-campus.ch\/index.php?rest_route=\/wp\/v2\/pages\/1196\/revisions"}],"up":[{"embeddable":true,"href":"https:\/\/portal.bks-campus.ch\/index.php?rest_route=\/wp\/v2\/pages\/156"}],"wp:attachment":[{"href":"https:\/\/portal.bks-campus.ch\/index.php?rest_route=%2Fwp%2Fv2%2Fmedia&parent=1196"}],"curies":[{"name":"wp","href":"https:\/\/api.w.org\/{rel}","templated":true}]}}