{"id":144,"date":"2019-05-22T16:07:51","date_gmt":"2019-05-22T14:07:51","guid":{"rendered":"https:\/\/newportal.bks-campus.ch\/?page_id=144"},"modified":"2023-09-04T13:26:10","modified_gmt":"2023-09-04T11:26:10","slug":"dienste","status":"publish","type":"page","link":"https:\/\/portal.bks-campus.ch\/?page_id=144","title":{"rendered":"Dienste"},"content":{"rendered":"\t\t<div data-elementor-type=\"wp-post\" data-elementor-id=\"144\" class=\"elementor elementor-144\">\n\t\t\t\t\t\t<section class=\"elementor-section elementor-top-section elementor-element elementor-element-53a01d6f elementor-section-boxed elementor-section-height-default elementor-section-height-default\" data-id=\"53a01d6f\" data-element_type=\"section\" data-e-type=\"section\">\n\t\t\t\t\t\t<div class=\"elementor-container elementor-column-gap-default\">\n\t\t\t\t\t<div class=\"elementor-column elementor-col-100 elementor-top-column elementor-element elementor-element-608a35ba\" data-id=\"608a35ba\" data-element_type=\"column\" data-e-type=\"column\">\n\t\t\t<div class=\"elementor-widget-wrap elementor-element-populated\">\n\t\t\t\t\t\t<section class=\"elementor-section elementor-inner-section elementor-element elementor-element-8e8e403 elementor-section-boxed elementor-section-height-default elementor-section-height-default\" data-id=\"8e8e403\" data-element_type=\"section\" data-e-type=\"section\">\n\t\t\t\t\t\t<div class=\"elementor-container elementor-column-gap-default\">\n\t\t\t\t\t<div class=\"elementor-column elementor-col-100 elementor-inner-column elementor-element elementor-element-ed2641f\" data-id=\"ed2641f\" data-element_type=\"column\" data-e-type=\"column\">\n\t\t\t<div class=\"elementor-widget-wrap elementor-element-populated\">\n\t\t\t\t\t\t<div class=\"elementor-element elementor-element-ea25c24 elementor-widget elementor-widget-text-editor\" data-id=\"ea25c24\" data-element_type=\"widget\" data-e-type=\"widget\" data-widget_type=\"text-editor.default\">\n\t\t\t\t<div class=\"elementor-widget-container\">\n\t\t\t\t\t\t\t\t\t<p><b>Der Informatikdienst ist weiterhin f\u00fcr Sie da. Wir tun was m\u00f6glich ist, um Sie zu unterst\u00fctzen. F\u00fcr Anfragen wenden Sie sich am besten via E-Mail oder Ticket an uns.<\/b><\/p>\t\t\t\t\t\t\t\t<\/div>\n\t\t\t\t<\/div>\n\t\t\t\t\t<\/div>\n\t\t<\/div>\n\t\t\t\t\t<\/div>\n\t\t<\/section>\n\t\t\t\t<div class=\"elementor-element elementor-element-1abf8be1 elementor-widget elementor-widget-text-editor\" data-id=\"1abf8be1\" data-element_type=\"widget\" data-e-type=\"widget\" data-widget_type=\"text-editor.default\">\n\t\t\t\t<div class=\"elementor-widget-container\">\n\t\t\t\t\t\t\t\t\t<p><\/p><p><\/p><p><\/p><p><\/p><p>Die Kantonsschule betreibt Basisdienste wie DNS, DHCP, Mail usw. Diese werden zwingend ben\u00f6tigt damit Computer sich untereinander und in das \u00f6ffentliche Internet verbinden k\u00f6nnen.<\/p><p><\/p><p><\/p>\n<p>\n<\/p>\t\t\t\t\t\t\t\t<\/div>\n\t\t\t\t<\/div>\n\t\t\t\t<section class=\"elementor-section elementor-inner-section elementor-element elementor-element-60d2c42 elementor-section-boxed elementor-section-height-default elementor-section-height-default\" data-id=\"60d2c42\" data-element_type=\"section\" data-e-type=\"section\">\n\t\t\t\t\t\t<div class=\"elementor-container elementor-column-gap-default\">\n\t\t\t\t\t<div class=\"elementor-column elementor-col-50 elementor-inner-column elementor-element elementor-element-45a10b1\" data-id=\"45a10b1\" data-element_type=\"column\" data-e-type=\"column\">\n\t\t\t<div class=\"elementor-widget-wrap elementor-element-populated\">\n\t\t\t\t\t\t<div class=\"elementor-element elementor-element-e2a8631 elementor-view-default elementor-position-block-start elementor-mobile-position-block-start elementor-widget elementor-widget-icon-box\" data-id=\"e2a8631\" data-element_type=\"widget\" data-e-type=\"widget\" data-widget_type=\"icon-box.default\">\n\t\t\t\t<div class=\"elementor-widget-container\">\n\t\t\t\t\t\t\t<div class=\"elementor-icon-box-wrapper\">\n\n\t\t\t\t\t\t<div class=\"elementor-icon-box-icon\">\n\t\t\t\t<a href=\"https:\/\/cloud.bks-campus.ch\" class=\"elementor-icon\" tabindex=\"-1\" aria-label=\"Cloud\">\n\t\t\t\t<i aria-hidden=\"true\" class=\"fas fa-cloud-upload-alt\"><\/i>\t\t\t\t<\/a>\n\t\t\t<\/div>\n\t\t\t\n\t\t\t\t\t\t<div class=\"elementor-icon-box-content\">\n\n\t\t\t\t\t\t\t\t\t<h3 class=\"elementor-icon-box-title\">\n\t\t\t\t\t\t<a href=\"https:\/\/cloud.bks-campus.ch\" >\n\t\t\t\t\t\t\tCloud\t\t\t\t\t\t<\/a>\n\t\t\t\t\t<\/h3>\n\t\t\t\t\n\t\t\t\t\t\t\t\t\t<p class=\"elementor-icon-box-description\">\n\t\t\t\t\t\tDie Kantonsschule betreibt eine Cloudinstanz, wo Dateien sicher und zuverl\u00e4ssig abgelegt werden k\u00f6nnen. \u00dcber die Cloud k\u00f6nnen Daten bequem via Drag and Drop hochgeladen und anschliessend anderen Personen freigegeben werden. Zudem ist eine Desktop- und IOS wie auch Android Version von Nextcloud verf\u00fcgbar welche es erlaubt, ohne Internetverbindung zu arbeiten und von \u00fcberall verf\u00fcgbar sind.\t\t\t\t\t<\/p>\n\t\t\t\t\n\t\t\t<\/div>\n\t\t\t\n\t\t<\/div>\n\t\t\t\t\t\t<\/div>\n\t\t\t\t<\/div>\n\t\t\t\t<div class=\"elementor-element elementor-element-9a2a7f7 elementor-view-default elementor-position-block-start elementor-mobile-position-block-start elementor-widget elementor-widget-icon-box\" data-id=\"9a2a7f7\" data-element_type=\"widget\" data-e-type=\"widget\" data-widget_type=\"icon-box.default\">\n\t\t\t\t<div class=\"elementor-widget-container\">\n\t\t\t\t\t\t\t<div class=\"elementor-icon-box-wrapper\">\n\n\t\t\t\t\t\t<div class=\"elementor-icon-box-icon\">\n\t\t\t\t<a href=\"https:\/\/schulnetz.bks-campus.ch\" class=\"elementor-icon\" tabindex=\"-1\" aria-label=\"Raumreservation\">\n\t\t\t\t<i class=\"fa fa-calendar-check-o\" aria-hidden=\"true\"><\/i>\t\t\t\t<\/a>\n\t\t\t<\/div>\n\t\t\t\n\t\t\t\t\t\t<div class=\"elementor-icon-box-content\">\n\n\t\t\t\t\t\t\t\t\t<h3 class=\"elementor-icon-box-title\">\n\t\t\t\t\t\t<a href=\"https:\/\/schulnetz.bks-campus.ch\" >\n\t\t\t\t\t\t\tRaumreservation\t\t\t\t\t\t<\/a>\n\t\t\t\t\t<\/h3>\n\t\t\t\t\n\t\t\t\t\t\t\t\t\t<p class=\"elementor-icon-box-description\">\n\t\t\t\t\t\tRaumreservationen k\u00f6nnen ab sofort selber \u00fcber die Schulnetz-Oberfl\u00e4che verwaltet werden.\t\t\t\t\t<\/p>\n\t\t\t\t\n\t\t\t<\/div>\n\t\t\t\n\t\t<\/div>\n\t\t\t\t\t\t<\/div>\n\t\t\t\t<\/div>\n\t\t\t\t<div class=\"elementor-element elementor-element-ce68286 elementor-view-default elementor-position-block-start elementor-mobile-position-block-start elementor-widget elementor-widget-icon-box\" data-id=\"ce68286\" data-element_type=\"widget\" data-e-type=\"widget\" data-widget_type=\"icon-box.default\">\n\t\t\t\t<div class=\"elementor-widget-container\">\n\t\t\t\t\t\t\t<div class=\"elementor-icon-box-wrapper\">\n\n\t\t\t\t\t\t<div class=\"elementor-icon-box-icon\">\n\t\t\t\t<a href=\"https:\/\/faq.bks-campus.ch\/index.php?action=artikel&#038;cat=6&#038;id=27&#038;artlang=de\" class=\"elementor-icon\" tabindex=\"-1\" aria-label=\"Drucksystem\">\n\t\t\t\t<i aria-hidden=\"true\" class=\"fas fa-print\"><\/i>\t\t\t\t<\/a>\n\t\t\t<\/div>\n\t\t\t\n\t\t\t\t\t\t<div class=\"elementor-icon-box-content\">\n\n\t\t\t\t\t\t\t\t\t<h3 class=\"elementor-icon-box-title\">\n\t\t\t\t\t\t<a href=\"https:\/\/faq.bks-campus.ch\/index.php?action=artikel&#038;cat=6&#038;id=27&#038;artlang=de\" >\n\t\t\t\t\t\t\tDrucksystem\t\t\t\t\t\t<\/a>\n\t\t\t\t\t<\/h3>\n\t\t\t\t\n\t\t\t\t\t\t\t\t\t<p class=\"elementor-icon-box-description\">\n\t\t\t\t\t\tZugriff auf Drucker, sowie erweiterte Funktionalit\u00e4t (Kopieren\/Scannen\/etc..) die man im Alltag braucht. Abholen der Auftr\u00e4ge an mehreren Standorten. Inklusive Abrechnungssystem im Hintergrund. \t\t\t\t\t<\/p>\n\t\t\t\t\n\t\t\t<\/div>\n\t\t\t\n\t\t<\/div>\n\t\t\t\t\t\t<\/div>\n\t\t\t\t<\/div>\n\t\t\t\t\t<\/div>\n\t\t<\/div>\n\t\t\t\t<div class=\"elementor-column elementor-col-50 elementor-inner-column elementor-element elementor-element-39f7659\" data-id=\"39f7659\" data-element_type=\"column\" data-e-type=\"column\">\n\t\t\t<div class=\"elementor-widget-wrap elementor-element-populated\">\n\t\t\t\t\t\t<div class=\"elementor-element elementor-element-5ede8ec elementor-view-default elementor-position-block-start elementor-mobile-position-block-start elementor-widget elementor-widget-icon-box\" data-id=\"5ede8ec\" data-element_type=\"widget\" data-e-type=\"widget\" data-widget_type=\"icon-box.default\">\n\t\t\t\t<div class=\"elementor-widget-container\">\n\t\t\t\t\t\t\t<div class=\"elementor-icon-box-wrapper\">\n\n\t\t\t\t\t\t<div class=\"elementor-icon-box-icon\">\n\t\t\t\t<a href=\"https:\/\/webmail.bks-campus.ch\" class=\"elementor-icon\" tabindex=\"-1\" aria-label=\"Webmail\">\n\t\t\t\t<i aria-hidden=\"true\" class=\"fas fa-envelope\"><\/i>\t\t\t\t<\/a>\n\t\t\t<\/div>\n\t\t\t\n\t\t\t\t\t\t<div class=\"elementor-icon-box-content\">\n\n\t\t\t\t\t\t\t\t\t<h3 class=\"elementor-icon-box-title\">\n\t\t\t\t\t\t<a href=\"https:\/\/webmail.bks-campus.ch\" >\n\t\t\t\t\t\t\tWebmail\t\t\t\t\t\t<\/a>\n\t\t\t\t\t<\/h3>\n\t\t\t\t\n\t\t\t\t\t\t\t\t\t<p class=\"elementor-icon-box-description\">\n\t\t\t\t\t\t\u00dcber Roundcube Webmail k\u00f6nnen unabh\u00e4ngig vom Standort Emails versendet und gelesen werden. Durch das integrierte Adressbuch k\u00f6nnen alle Kontakte der B\u00fcndner Kantonsschule abgerufen werden. Eine weitere Funktion erlaubt es Daten aus der Cloud direkt via Email zu versenden und zu managen.\t\t\t\t\t<\/p>\n\t\t\t\t\n\t\t\t<\/div>\n\t\t\t\n\t\t<\/div>\n\t\t\t\t\t\t<\/div>\n\t\t\t\t<\/div>\n\t\t\t\t<div class=\"elementor-element elementor-element-3d86d6f elementor-view-default elementor-position-block-start elementor-mobile-position-block-start elementor-widget elementor-widget-icon-box\" data-id=\"3d86d6f\" data-element_type=\"widget\" data-e-type=\"widget\" data-widget_type=\"icon-box.default\">\n\t\t\t\t<div class=\"elementor-widget-container\">\n\t\t\t\t\t\t\t<div class=\"elementor-icon-box-wrapper\">\n\n\t\t\t\t\t\t<div class=\"elementor-icon-box-icon\">\n\t\t\t\t<a href=\"https:\/\/support.bks-campus.ch\" class=\"elementor-icon\" tabindex=\"-1\" aria-label=\"Ticketsystem \/ Support\">\n\t\t\t\t<i class=\"fa fa-support\" aria-hidden=\"true\"><\/i>\t\t\t\t<\/a>\n\t\t\t<\/div>\n\t\t\t\n\t\t\t\t\t\t<div class=\"elementor-icon-box-content\">\n\n\t\t\t\t\t\t\t\t\t<h3 class=\"elementor-icon-box-title\">\n\t\t\t\t\t\t<a href=\"https:\/\/support.bks-campus.ch\" >\n\t\t\t\t\t\t\tTicketsystem \/ Support\t\t\t\t\t\t<\/a>\n\t\t\t\t\t<\/h3>\n\t\t\t\t\n\t\t\t\t\t\t\t\t\t<p class=\"elementor-icon-box-description\">\n\t\t\t\t\t\tMitels dem Ticketsytem k\u00f6nnen die Benutzer Anfragen stellen wenn etwas nicht funktioniert. Es dient in erster Linie der Kommunikation mit den Informatikdiensten welche einen Servicedesk betreibt. \t\t\t\t\t<\/p>\n\t\t\t\t\n\t\t\t<\/div>\n\t\t\t\n\t\t<\/div>\n\t\t\t\t\t\t<\/div>\n\t\t\t\t<\/div>\n\t\t\t\t<div class=\"elementor-element elementor-element-6371bb7 elementor-view-default elementor-position-block-start elementor-mobile-position-block-start elementor-widget elementor-widget-icon-box\" data-id=\"6371bb7\" data-element_type=\"widget\" data-e-type=\"widget\" data-widget_type=\"icon-box.default\">\n\t\t\t\t<div class=\"elementor-widget-container\">\n\t\t\t\t\t\t\t<div class=\"elementor-icon-box-wrapper\">\n\n\t\t\t\t\t\t<div class=\"elementor-icon-box-icon\">\n\t\t\t\t<a href=\"https:\/\/faq.bks-campus.ch\/index.php?action=artikel&#038;cat=1&#038;id=60&#038;artlang=de\" class=\"elementor-icon\" tabindex=\"-1\" aria-label=\"WLAN\">\n\t\t\t\t<i aria-hidden=\"true\" class=\"fas fa-wifi\"><\/i>\t\t\t\t<\/a>\n\t\t\t<\/div>\n\t\t\t\n\t\t\t\t\t\t<div class=\"elementor-icon-box-content\">\n\n\t\t\t\t\t\t\t\t\t<h3 class=\"elementor-icon-box-title\">\n\t\t\t\t\t\t<a href=\"https:\/\/faq.bks-campus.ch\/index.php?action=artikel&#038;cat=1&#038;id=60&#038;artlang=de\" >\n\t\t\t\t\t\t\tWLAN\t\t\t\t\t\t<\/a>\n\t\t\t\t\t<\/h3>\n\t\t\t\t\n\t\t\t\t\t\t\t\t\t<p class=\"elementor-icon-box-description\">\n\t\t\t\t\t\tDamit das ortsunabh\u00e4ngig Arbeiten gew\u00e4hrleistet werden kann ist der gesamte Campus (Kantonsschule Halde, Kantonsschule Cleric und Biologie sowie die Sportanlagen, die Mediothek, und die Mensa) mit Wireless LAN ausger\u00fcstet. Der Dienst ist mit einem speziellen Schutzsystem ausgestattet und dient der Pr\u00e4vention und dem Blockieren von anst\u00f6ssigen Inhalten und gef\u00e4hrlichen Websites.   \t\t\t\t\t<\/p>\n\t\t\t\t\n\t\t\t<\/div>\n\t\t\t\n\t\t<\/div>\n\t\t\t\t\t\t<\/div>\n\t\t\t\t<\/div>\n\t\t\t\t\t<\/div>\n\t\t<\/div>\n\t\t\t\t\t<\/div>\n\t\t<\/section>\n\t\t\t\t\t<\/div>\n\t\t<\/div>\n\t\t\t\t\t<\/div>\n\t\t<\/section>\n\t\t\t\t<\/div>\n\t\t","protected":false},"excerpt":{"rendered":"<p>Der Informatikdienst ist weiterhin f\u00fcr Sie da. Wir tun was m\u00f6glich ist, um Sie zu unterst\u00fctzen. F\u00fcr Anfragen wenden Sie sich am besten via E-Mail oder Ticket an uns. Die Kantonsschule betreibt Basisdienste wie DNS, DHCP, Mail usw. Diese werden zwingend ben\u00f6tigt&#8230;<\/p>\n","protected":false},"author":1,"featured_media":0,"parent":156,"menu_order":0,"comment_status":"closed","ping_status":"closed","template":"","meta":{"footnotes":""},"class_list":["post-144","page","type-page","status-publish","hentry"],"_links":{"self":[{"href":"https:\/\/portal.bks-campus.ch\/index.php?rest_route=\/wp\/v2\/pages\/144","targetHints":{"allow":["GET"]}}],"collection":[{"href":"https:\/\/portal.bks-campus.ch\/index.php?rest_route=\/wp\/v2\/pages"}],"about":[{"href":"https:\/\/portal.bks-campus.ch\/index.php?rest_route=\/wp\/v2\/types\/page"}],"author":[{"embeddable":true,"href":"https:\/\/portal.bks-campus.ch\/index.php?rest_route=\/wp\/v2\/users\/1"}],"replies":[{"embeddable":true,"href":"https:\/\/portal.bks-campus.ch\/index.php?rest_route=%2Fwp%2Fv2%2Fcomments&post=144"}],"version-history":[{"count":0,"href":"https:\/\/portal.bks-campus.ch\/index.php?rest_route=\/wp\/v2\/pages\/144\/revisions"}],"up":[{"embeddable":true,"href":"https:\/\/portal.bks-campus.ch\/index.php?rest_route=\/wp\/v2\/pages\/156"}],"wp:attachment":[{"href":"https:\/\/portal.bks-campus.ch\/index.php?rest_route=%2Fwp%2Fv2%2Fmedia&parent=144"}],"curies":[{"name":"wp","href":"https:\/\/api.w.org\/{rel}","templated":true}]}}