{"id":156,"date":"2019-05-23T08:02:20","date_gmt":"2019-05-23T06:02:20","guid":{"rendered":"https:\/\/newportal.bks-campus.ch\/?page_id=156"},"modified":"2025-07-07T16:50:54","modified_gmt":"2025-07-07T14:50:54","slug":"it-infrastruktur","status":"publish","type":"page","link":"https:\/\/portal.bks-campus.ch\/?page_id=156","title":{"rendered":"Informatik"},"content":{"rendered":"\t\t<div data-elementor-type=\"wp-page\" data-elementor-id=\"156\" class=\"elementor elementor-156\">\n\t\t\t\t\t\t<section class=\"elementor-section elementor-top-section elementor-element elementor-element-c14f43c elementor-section-boxed elementor-section-height-default elementor-section-height-default\" data-id=\"c14f43c\" data-element_type=\"section\" data-e-type=\"section\">\n\t\t\t\t\t\t<div class=\"elementor-container elementor-column-gap-default\">\n\t\t\t\t\t<div class=\"elementor-column elementor-col-100 elementor-top-column elementor-element elementor-element-3423fbc5\" data-id=\"3423fbc5\" data-element_type=\"column\" data-e-type=\"column\">\n\t\t\t<div class=\"elementor-widget-wrap elementor-element-populated\">\n\t\t\t\t\t\t<div class=\"elementor-element elementor-element-6cb57633 elementor-widget elementor-widget-text-editor\" data-id=\"6cb57633\" data-element_type=\"widget\" data-e-type=\"widget\" data-widget_type=\"text-editor.default\">\n\t\t\t\t<div class=\"elementor-widget-container\">\n\t\t\t\t\t\t\t\t\t<p><\/p>\n<p><\/p>\n<figure class=\"wp-block-image\"><img fetchpriority=\"high\" decoding=\"async\" width=\"1024\" height=\"683\" class=\"wp-image-605\" src=\"https:\/\/newportal.bks-campus.ch\/wp-content\/uploads\/2019\/06\/tebfqdanuxs-1024x683.jpg\" alt=\"\" srcset=\"https:\/\/portal.bks-campus.ch\/wp-content\/uploads\/2019\/06\/tebfqdanuxs-1024x683.jpg 1024w, https:\/\/portal.bks-campus.ch\/wp-content\/uploads\/2019\/06\/tebfqdanuxs-300x200.jpg 300w, https:\/\/portal.bks-campus.ch\/wp-content\/uploads\/2019\/06\/tebfqdanuxs-768x512.jpg 768w\" sizes=\"(max-width: 1024px) 100vw, 1024px\" \/><\/figure>\n<p><\/p>\n<p><\/p>\n<p>Die BKS-Informatikdienste, welche ein Servicebereich der B\u00fcndner Kantonsschule ist, betreiben im Kantonalen Rechenzentrum (Amt f\u00fcr Informatik) eine eigene IT-Infrastruktur. Die Informatikdienste warten die Server-, Netzwerk- sowie Computersysteme und erweitern sie st\u00e4ndig. Zudem betreibt die Informatik einen Virtualisierungscluster \u00fcber zwei Rechenzentren, der hochverf\u00fcgbar ausgelegt ist.&nbsp;<\/p>\n<p><\/p>\n<p><\/p>\n<p><\/p>\t\t\t\t\t\t\t\t<\/div>\n\t\t\t\t<\/div>\n\t\t\t\t\t<\/div>\n\t\t<\/div>\n\t\t\t\t\t<\/div>\n\t\t<\/section>\n\t\t\t\t<\/div>\n\t\t","protected":false},"excerpt":{"rendered":"<p>Die BKS-Informatikdienste, welche ein Servicebereich der B\u00fcndner Kantonsschule ist, betreiben im Kantonalen Rechenzentrum (Amt f\u00fcr Informatik) eine eigene IT-Infrastruktur. Die Informatikdienste warten die Server-, Netzwerk- sowie Computersysteme und erweitern sie st\u00e4ndig. Zudem betreibt die Informatik einen Virtualisierungscluster \u00fcber zwei Rechenzentren, der hochverf\u00fcgbar&#8230;<\/p>\n","protected":false},"author":1,"featured_media":0,"parent":0,"menu_order":4,"comment_status":"closed","ping_status":"closed","template":"","meta":{"footnotes":""},"class_list":["post-156","page","type-page","status-publish","hentry"],"_links":{"self":[{"href":"https:\/\/portal.bks-campus.ch\/index.php?rest_route=\/wp\/v2\/pages\/156","targetHints":{"allow":["GET"]}}],"collection":[{"href":"https:\/\/portal.bks-campus.ch\/index.php?rest_route=\/wp\/v2\/pages"}],"about":[{"href":"https:\/\/portal.bks-campus.ch\/index.php?rest_route=\/wp\/v2\/types\/page"}],"author":[{"embeddable":true,"href":"https:\/\/portal.bks-campus.ch\/index.php?rest_route=\/wp\/v2\/users\/1"}],"replies":[{"embeddable":true,"href":"https:\/\/portal.bks-campus.ch\/index.php?rest_route=%2Fwp%2Fv2%2Fcomments&post=156"}],"version-history":[{"count":0,"href":"https:\/\/portal.bks-campus.ch\/index.php?rest_route=\/wp\/v2\/pages\/156\/revisions"}],"wp:attachment":[{"href":"https:\/\/portal.bks-campus.ch\/index.php?rest_route=%2Fwp%2Fv2%2Fmedia&parent=156"}],"curies":[{"name":"wp","href":"https:\/\/api.w.org\/{rel}","templated":true}]}}