{"id":186,"date":"2019-05-23T08:40:27","date_gmt":"2019-05-23T06:40:27","guid":{"rendered":"https:\/\/newportal.bks-campus.ch\/?page_id=186"},"modified":"2021-10-13T09:41:01","modified_gmt":"2021-10-13T07:41:01","slug":"allgemeine-events","status":"publish","type":"page","link":"https:\/\/portal.bks-campus.ch\/?page_id=186","title":{"rendered":"Events der Stadt Chur"},"content":{"rendered":"\n\n\n\n<p class=\"has-medium-font-size\"><strong>Unten werden diverse Events der Stadt Chur aufgelistet. <\/strong><\/p>\n\n\n<ul class=\"is-grid columns-2 has-dates has-authors has-excerpts wp-block-rss\"><li class='wp-block-rss__item'><div class='wp-block-rss__item-title'><a href='https:\/\/www.chur.ch\/_rte\/anlass\/7268981'>Jugendhaus Stadt Chur<\/a><\/div><time datetime=\"2026-01-01T01:00:00+01:00\" class=\"wp-block-rss__item-publish-date\">1. Januar 2026<\/time> <div class=\"wp-block-rss__item-excerpt\">Verschiedene R\u00e4ume im Jugendhaus sind nach Vereinbarung auch ausserhalb der regul\u00e4ren \u00d6ffnungszeiten nutzbar. Mehr Infos bekommt man im Jugendb\u00fcro. Kidz- und JugendtreffVeranstaltungs- \/ TanzraumTonstudioKreativatelierBandr\u00e4ume<\/div><\/li><li class='wp-block-rss__item'><div class='wp-block-rss__item-title'><a href='https:\/\/www.chur.ch\/_rte\/anlass\/7268984'>Jugendhaus Stadt Chur<\/a><\/div><time datetime=\"2026-01-01T01:00:00+01:00\" class=\"wp-block-rss__item-publish-date\">1. Januar 2026<\/time> <div class=\"wp-block-rss__item-excerpt\">Verschiedene R\u00e4ume im Jugendhaus sind nach Vereinbarung auch ausserhalb der regul\u00e4ren \u00d6ffnungszeiten nutzbar. Mehr Infos bekommt man im Jugendb\u00fcro. Kidz- und JugendtreffVeranstaltungs- \/ TanzraumTonstudioKreativatelierBandr\u00e4ume<\/div><\/li><li class='wp-block-rss__item'><div class='wp-block-rss__item-title'><a href='https:\/\/www.chur.ch\/_rte\/anlass\/6972853'>Offenes Atelier<\/a><\/div><time datetime=\"2025-11-06T01:00:00+01:00\" class=\"wp-block-rss__item-publish-date\">6. November 2025<\/time> <div class=\"wp-block-rss__item-excerpt\">Komme zu uns ins Atelier und g\u00f6nn dir kreative Stunden fernab vom Alltag. Hier kannst du malen, gestalten oder einfach Neues ausprobieren &#8211; ohne Leistungsdruck, daf\u00fcr mit viel Freude am [&hellip;]<\/div><\/li><li class='wp-block-rss__item'><div class='wp-block-rss__item-title'><a href='https:\/\/www.chur.ch\/_rte\/anlass\/7300316'>Robert Ralston, wenn Worte nicht mehr weiterwissen<\/a><\/div><time datetime=\"2025-10-10T00:00:00+02:00\" class=\"wp-block-rss__item-publish-date\">10. Oktober 2025<\/time> <div class=\"wp-block-rss__item-excerpt\">Pop-Up-Ausstellung \u00abRobert Ralston, wenn Worte nicht mehr weiterwissen\u00bb im Rahmen von \u00abHeilen ist Kunst ist Heilen\u00bb an den Standorten Kreuzspital und Fontana des KSGR. Die heilende Kraft der Kunst wird [&hellip;]<\/div><\/li><li class='wp-block-rss__item'><div class='wp-block-rss__item-title'><a href='https:\/\/www.chur.ch\/_rte\/anlass\/6775366'>Theaterprojekt (16-24 Jahre)<\/a><\/div><time datetime=\"2025-10-01T00:00:00+02:00\" class=\"wp-block-rss__item-publish-date\">1. Oktober 2025<\/time> <div class=\"wp-block-rss__item-excerpt\">Bist du zwischen 16 und 24 Jahren und hast Lust auf ein zeitgen\u00f6ssisches Theaterprojekt? Dann melde dich f\u00fcr die Schnupperproben am Mittwoch, 24.09.25 und 01.10.25 an. Die Proben finden jeweils [&hellip;]<\/div><\/li><li class='wp-block-rss__item'><div class='wp-block-rss__item-title'><a href='https:\/\/www.chur.ch\/_rte\/anlass\/7302317'>Jugendtreff Heiligkreuzkirche<\/a><\/div><time datetime=\"2025-08-13T00:00:00+02:00\" class=\"wp-block-rss__item-publish-date\">13. August 2025<\/time> <div class=\"wp-block-rss__item-excerpt\">Am Mittwochnachmittag sind alle R\u00e4ume offen (in den Schulferien ist der Jugendtreff geschlossen) Barraum &#8211; Discoraum &#8211; Billardraum -&gt; du kannst tanzen, chillen, Billard spielen, Musik auflegen, T\u00f6ggela, Ping Pong [&hellip;]<\/div><\/li><li class='wp-block-rss__item'><div class='wp-block-rss__item-title'><a href='https:\/\/www.chur.ch\/_rte\/anlass\/7300319'>Heilen ist Kunst ist Heilen<\/a><\/div><time datetime=\"2025-05-15T00:00:00+02:00\" class=\"wp-block-rss__item-publish-date\">15. Mai 2025<\/time> <div class=\"wp-block-rss__item-excerpt\">F\u00fcr die neueste Ausstellung hat das Kantonsspital Graub\u00fcnden den Glask\u00fcnstler Hubert Crevoisier eingeladen, f\u00fcr einige Tage im Jahr sein Atelier im Spital aufzubauen. Crevoisier, ein Magier des Lichts, schafft mit [&hellip;]<\/div><\/li><li class='wp-block-rss__item'><div class='wp-block-rss__item-title'><a href='https:\/\/www.chur.ch\/_rte\/anlass\/7349263'>Offenes Training Acroyoga, Partner- und Luftakrobatik, Slackline etc. [DO]<\/a><\/div><time datetime=\"2025-04-01T00:00:00+02:00\" class=\"wp-block-rss__item-publish-date\">1. April 2025<\/time> <div class=\"wp-block-rss__item-excerpt\">Es findet jeweils jeden Donnerstag Abend zwischen 19:40 und 22:00 ein offenes Training (Jam session) statt f\u00fcr Acroyoga, Partner-, Luftakrobatik, Slackline etc. Bei dem offenen Training werden keine Klassen oder [&hellip;]<\/div><\/li><li class='wp-block-rss__item'><div class='wp-block-rss__item-title'><a href='https:\/\/www.chur.ch\/_rte\/anlass\/7349278'>Offenes Training Acroyoga, Partner- und Luftakrobatik, Slackline etc. [MO]<\/a><\/div><time datetime=\"2025-03-31T00:00:00+02:00\" class=\"wp-block-rss__item-publish-date\">31. M\u00e4rz 2025<\/time> <div class=\"wp-block-rss__item-excerpt\">Es findet jeweils jeden Montag Abend zwischen 18:40 und 20:20 ein offenes Training (Jam session) statt f\u00fcr Acroyoga, Partner-, Luftakrobatik, Slackline etc. Bei dem offenen Training werden keine Klassen oder [&hellip;]<\/div><\/li><li class='wp-block-rss__item'><div class='wp-block-rss__item-title'><a href='https:\/\/www.chur.ch\/_rte\/anlass\/5300680'>Die Wunderkammer: 150 Jahre R\u00e4tisches Museum<\/a><\/div><time datetime=\"2022-06-09T00:00:00+02:00\" class=\"wp-block-rss__item-publish-date\">9. Juni 2022<\/time> <div class=\"wp-block-rss__item-excerpt\">Seit der Barockzeit pr\u00e4sentierten F\u00fcrsten oder verm\u00f6gende B\u00fcrger vielerorts gerne aussergew\u00f6hnliche Objekte in sogenannten Wunderkammern: Naturalien, Kunstobjekte, Antiquit\u00e4ten und Kuriosit\u00e4ten. Hier kam alles in bunter und faszinierender Mischung zusammen. Das [&hellip;]<\/div><\/li><\/ul>","protected":false},"excerpt":{"rendered":"<p>Unten werden diverse Events der Stadt Chur aufgelistet.<\/p>\n","protected":false},"author":1,"featured_media":0,"parent":148,"menu_order":0,"comment_status":"closed","ping_status":"closed","template":"","meta":{"footnotes":""},"class_list":["post-186","page","type-page","status-publish","hentry"],"_links":{"self":[{"href":"https:\/\/portal.bks-campus.ch\/index.php?rest_route=\/wp\/v2\/pages\/186","targetHints":{"allow":["GET"]}}],"collection":[{"href":"https:\/\/portal.bks-campus.ch\/index.php?rest_route=\/wp\/v2\/pages"}],"about":[{"href":"https:\/\/portal.bks-campus.ch\/index.php?rest_route=\/wp\/v2\/types\/page"}],"author":[{"embeddable":true,"href":"https:\/\/portal.bks-campus.ch\/index.php?rest_route=\/wp\/v2\/users\/1"}],"replies":[{"embeddable":true,"href":"https:\/\/portal.bks-campus.ch\/index.php?rest_route=%2Fwp%2Fv2%2Fcomments&post=186"}],"version-history":[{"count":0,"href":"https:\/\/portal.bks-campus.ch\/index.php?rest_route=\/wp\/v2\/pages\/186\/revisions"}],"up":[{"embeddable":true,"href":"https:\/\/portal.bks-campus.ch\/index.php?rest_route=\/wp\/v2\/pages\/148"}],"wp:attachment":[{"href":"https:\/\/portal.bks-campus.ch\/index.php?rest_route=%2Fwp%2Fv2%2Fmedia&parent=186"}],"curies":[{"name":"wp","href":"https:\/\/api.w.org\/{rel}","templated":true}]}}