{"id":4382,"date":"2022-06-29T10:33:12","date_gmt":"2022-06-29T08:33:12","guid":{"rendered":"https:\/\/portal.bks-campus.ch\/?page_id=4382"},"modified":"2026-01-14T11:34:30","modified_gmt":"2026-01-14T10:34:30","slug":"byod-fuer-schuelerinnen","status":"publish","type":"page","link":"https:\/\/portal.bks-campus.ch\/?page_id=4382","title":{"rendered":"BYOD f\u00fcr Sch\u00fcler:Innen"},"content":{"rendered":"\t\t<div data-elementor-type=\"wp-page\" data-elementor-id=\"4382\" class=\"elementor elementor-4382\">\n\t\t\t\t\t\t<section class=\"elementor-section elementor-top-section elementor-element elementor-element-2082ac43 elementor-section-boxed elementor-section-height-default elementor-section-height-default\" data-id=\"2082ac43\" data-element_type=\"section\" data-e-type=\"section\">\n\t\t\t\t\t\t<div class=\"elementor-container elementor-column-gap-default\">\n\t\t\t\t\t<div class=\"elementor-column elementor-col-100 elementor-top-column elementor-element elementor-element-51e4b4be\" data-id=\"51e4b4be\" data-element_type=\"column\" data-e-type=\"column\">\n\t\t\t<div class=\"elementor-widget-wrap elementor-element-populated\">\n\t\t\t\t\t\t<div class=\"elementor-element elementor-element-5d2a03a7 elementor-widget__width-initial elementor-widget elementor-widget-text-editor\" data-id=\"5d2a03a7\" data-element_type=\"widget\" data-e-type=\"widget\" data-widget_type=\"text-editor.default\">\n\t\t\t\t<div class=\"elementor-widget-container\">\n\t\t\t\t\t\t\t\t\t<p>Hallo liebe Sch\u00fclerinnen und Sch\u00fcler, guten Tag liebe Eltern<\/p>\n<p>seit dem Schuljahr 2022\/2023 werden die jeweiligen Eintrittsklassen (Gymnasium 1.UG und 3.G, sowie HMS 4.H und FMS 4.F) an der B\u00fcndner Kantonsschule (BKS) dazu verpflichtet, einen eigenen Computer f\u00fcr den Unterricht mitzubringen (die Anforderungen an das Ger\u00e4t werden weiter unten nochmals aufgelistet). Damit der Start in das neue Schuljahr so reibungslos wie m\u00f6glich gestaltet werden kann, soll der angehende Sch\u00fcler sein Ger\u00e4t schon zum Schulstart fertig eingerichtet an die Schule mitbringen.<\/p>\n<p>Die BKS stellt allen Sch\u00fclern und Sch\u00fclerinnen das komplette Microsoft Office Paket (Microsoft365) f\u00fcr die gesamte Schulzeit zur Verf\u00fcgung. Die Installation dessen soll jedoch vom Sch\u00fcler (oder zusammen mit einer Hilfsperson) w\u00e4hrend der Sommerferien und somit VOR Schulbeginn auf dem eigenen Computer des Sch\u00fclers installiert werden. Voraussetzung dazu sind die von der Schule zugeteilten Anmeldedaten, welche sie Anfangs der Sommerferien per Post erhalten haben oder noch erhalten werden.<\/p>\n<p>Die IT der B\u00fcndner Kantonsschule hat f\u00fcr die Einrichtung des eigenen PC&#8217;s eine Anleitung geschrieben, welche <a style=\"color: blue;\" href=\"https:\/\/faq.bks-campus.ch\/index.php?action=artikel&amp;cat=4&amp;id=53&amp;artlang=de\"> hier in Deutsch <\/a> und <a style=\"color: blue;\" href=\"https:\/\/faq.bks-campus.ch\/index.php?action=artikel&amp;cat=4&amp;id=53&amp;artlang=de\"> hier in Italienisch (Italiano) <\/a> heruntergeladen werden kann.<\/p>\n<p>Sch\u00fclerinnen und Sch\u00fcler, welche Probleme bei der Einrichtung der in dieser Anleitung&nbsp;<span style=\"color: var( --e-global-color-text ); font-family: var( --e-global-typography-text-font-family ), Sans-serif; font-weight: var( --e-global-typography-text-font-weight );\">erw\u00e4hnten Punkte haben und anderenorts diesbez\u00fcglich keine Hilfe erhalten, k\u00f6nnen sich <\/span><b><u><span style=\"color: var( --e-global-color-text ); font-family: var( --e-global-typography-text-font-family ), Sans-serif;\">mit&nbsp;<\/span><span style=\"color: var( --e-global-color-text ); font-family: var( --e-global-typography-text-font-family ), Sans-serif;\">vorg\u00e4ngiger Anmeldung<\/span><\/u><\/b><span style=\"color: var( --e-global-color-text ); font-family: var( --e-global-typography-text-font-family ), Sans-serif; font-weight: var( --e-global-typography-text-font-weight );\"> per E-Mail (informatik@bks-campus.ch) oder per Telefon<br>(081 \/ 257&nbsp;<\/span><span style=\"color: var( --e-global-color-text ); font-family: var( --e-global-typography-text-font-family ), Sans-serif; font-weight: var( --e-global-typography-text-font-weight );\">51 72) <\/span><span style=\"color: var( --e-global-color-text ); font-family: var( --e-global-typography-text-font-family ), Sans-serif; font-weight: var( --e-global-typography-text-font-weight );\">von der Informatikabteilung der B\u00fcndner Kantonsschule dazu instruieren lassen. Der Vor Ort Termin f\u00fcr die Installationsinstruktionen entnehmen sie dem Schreiben, welches Sie jeweils Anfang Sommer von der BKS erhalten werden. Die Informatik der BKS unterst\u00fctzt bei Problemen, richtet Ihr Ger\u00e4t allerdings nicht f\u00fcr Sie ein! Wir bitten Sie, die Anleitung zu lesen bevor Sie mit der IT Kontakt aufnehmen. Bitte f\u00fchren Sie auf, welche Schritte bisher durchgef\u00fchrt wurden, um das Problem eigenst\u00e4ndig zu l\u00f6sen.<br><\/span><\/p>\n<p><\/p>\n<p><!-- \/wp:paragraph --><\/p>\n<p><!-- wp:paragraph --><\/p>\n<p><\/p>\n<p><!-- \/wp:paragraph --><\/p>\n<p><!-- wp:paragraph --><\/p>\n<h1><strong>Mindestanforderungen BYOD-Ger\u00e4t<\/strong><\/h1>\n<p><!-- \/wp:paragraph --><\/p>\n<p><!-- wp:table --><\/p>\n<figure>\n<table>\n<tbody>\n<tr>\n<td><strong>Ger\u00e4tebestandteile<\/strong><strong> &nbsp;&nbsp;<\/strong><strong>und Zubeh\u00f6r<\/strong><\/td>\n<td><strong><u>Mindest<\/u>anforderungen f\u00fcr Gymnasium, FMS und HMS<\/strong><\/td>\n<td><strong><u>Mindest<\/u>anforderungen IMS<br><br><\/strong><\/td>\n<\/tr>\n<tr>\n<td>Betriebssystem<\/td>\n<td>aktuelle Windows-Version<\/td>\n<td>aktuelle Windows-Version<\/td>\n<\/tr>\n<tr>\n<td>Display<\/td>\n<td>12 Zoll<\/td>\n<td>14 Zoll<\/td>\n<\/tr>\n<tr>\n<td>Prozessor *<\/td>\n<td>Intel Core i5 (aktuelle Generation)&nbsp;<\/td>\n<td>Intel Core i7<\/td>\n<\/tr>\n<tr>\n<td>RAM<\/td>\n<td>16 GB<\/td>\n<td>16 GB<\/td>\n<\/tr>\n<tr>\n<td>Festplatte<\/td>\n<td>256 GB SSD<\/td>\n<td>512 GB SSD<\/td>\n<\/tr>\n<tr>\n<td>Akku-Laufzeit<\/td>\n<td>4 Stunden<\/td>\n<td>4 Stunden<\/td>\n<\/tr>\n<tr>\n<td>Tastatur<\/td>\n<td>physisch oder \u00fcber Bluetooth verbunden<\/td>\n<td>physisch oder \u00fcber Bluetooth verbunden<\/td>\n<\/tr>\n<tr>\n<td>Stift<\/td>\n<td>aktiver Eingabestift<\/td>\n<td>aktiver Eingabestift<\/td>\n<\/tr>\n<tr>\n<td>Maus<\/td>\n<td>integriertes Trackpad<\/td>\n<td>integriertes Trackpad<\/td>\n<\/tr>\n<tr>\n<td>WLAN<\/td>\n<td>vorhanden<\/td>\n<td>vorhanden<\/td>\n<\/tr>\n<tr>\n<td>Bluetooth<\/td>\n<td>ja<\/td>\n<td>ja<\/td>\n<\/tr>\n<tr>\n<td>USB-Anschl\u00fcsse<\/td>\n<td>1x USB-C<\/td>\n<td>1x USB-C, 1x USB A<\/td>\n<\/tr>\n<tr>\n<td>Kopfh\u00f6rer<\/td>\n<td>mit passendem Anschluss (Smartphone- Kopfh\u00f6rer gen\u00fcgt)<\/td>\n<td>mit passendem Anschluss (Smartphone-Kopfh\u00f6rer gen\u00fcgt)<\/td>\n<\/tr>\n<tr>\n<td>Video-Anschluss<\/td>\n<td>HDMI oder USB-C<\/td>\n<td>HDMI oder USB-C<\/td>\n<\/tr>\n<tr>\n<td>Videokamera<\/td>\n<td>mindestens 1<\/td>\n<td>mindestens 1<\/td>\n<\/tr>\n<tr>\n<td>Schutztasche, -h\u00fclle<\/td>\n<td>optional<\/td>\n<td>ja<\/td>\n<\/tr>\n<tr>\n<td>Externer Bildschirm<\/td>\n<td>&nbsp;&#8211;<\/td>\n<td>&#8211;<\/td>\n<\/tr>\n<tr>\n<td>Software<\/td>\n<td>aktueller Virenschutz, bspw. Windows Defender (MS Office wird von der BKS zur Verf\u00fcgung gestellt)<\/td>\n<td>aktueller Virenschutz, bspw. Windows Defender (MS Office wird von der BKS zur Verf\u00fcgung gestellt)<\/td>\n<\/tr>\n<tr>\n<td>Bedienung<\/td>\n<td>Als flache Schreibfl\u00e4che nutzbar. Entweder durch Umklappen oder Entfernen der Tastatur.<\/td>\n<td>Als flache Schreibfl\u00e4che nutzbar. Entweder durch Umklappen oder Entfernen der Tastatur.<\/td>\n<\/tr>\n<tr>\n<td>Garantie &amp; Versicherung<\/td>\n<td>Besch\u00e4digungen, Verlust und Reparaturen gehen zu Lasten der Sch\u00fcler\/innen. Diese sind f\u00fcr ein jederzeit einsatzf\u00e4higes, geladenes Ger\u00e4t verantwortlich.<\/td>\n<td>Besch\u00e4digungen, Verlust und Reparaturen gehen zu Lasten der Sch\u00fcler\/innen. Diese sind f\u00fcr ein jederzeit einsatzf\u00e4higes, geladenes Ger\u00e4t verantwortlich.<\/td>\n<\/tr>\n<\/tbody>\n<\/table>\n<p><!-- wp:paragraph --><\/p>\n<p><\/p>\n<p>* : Um sicherzustellen, dass alle ben\u00f6tigte Software auf den Ger\u00e4ten einwandfrei funktioniert, m\u00f6chten wir darauf hinweisen, dass Ger\u00e4te mit x86-Prozessoren (Intel Core ab i5 oder gleichwertige AMD-Variante) bevorzugt werden. Aktuell raten wir noch dringend von der Nutzung von ARM-basierten Ger\u00e4ten ab, da wichtige Software noch nicht vollst\u00e4ndig auf dieser Plattform unterst\u00fctzt wird.<\/p>\n<p>&#8211; &#8211; &#8211; &#8211; &#8211; &#8211; &#8211; &#8211; &#8211; &#8211; &#8211; &#8211; &#8211;&nbsp;<span style=\"color: var( --e-global-color-text ); font-family: var( --e-global-typography-text-font-family ), Sans-serif; font-weight: var( --e-global-typography-text-font-weight );\">&#8211; &#8211; &#8211; &#8211; &#8211; &#8211; &#8211; &#8211; &#8211; &#8211; &#8211; &#8211; &#8211;&nbsp;<\/span><span style=\"color: var( --e-global-color-text ); font-family: var( --e-global-typography-text-font-family ), Sans-serif; font-weight: var( --e-global-typography-text-font-weight );\">&#8211; &#8211; &#8211; &#8211; &#8211; &#8211; &#8211; &#8211; &#8211; &#8211; &#8211; &#8211; &#8211;&nbsp;<\/span><span style=\"color: var( --e-global-color-text ); font-family: var( --e-global-typography-text-font-family ), Sans-serif; font-weight: var( --e-global-typography-text-font-weight );\">&#8211; &#8211; &#8211; &#8211; &#8211; &#8211; &#8211; &#8211; &#8211; &#8211; &#8211; &#8211; &#8211;&nbsp;<\/span><span style=\"color: var( --e-global-color-text ); font-family: var( --e-global-typography-text-font-family ), Sans-serif; font-weight: var( --e-global-typography-text-font-weight );\">&#8211; &#8211; &#8211; &#8211; &#8211; &#8211; &#8211; <\/span><span style=\"color: var( --e-global-color-text ); font-family: var( --e-global-typography-text-font-family ), Sans-serif; font-weight: var( --e-global-typography-text-font-weight );\">&#8211; &#8211; &#8211; &#8211; &#8211; &#8211;&nbsp;<\/span><span style=\"color: var( --e-global-color-text ); font-family: var( --e-global-typography-text-font-family ), Sans-serif; font-weight: var( --e-global-typography-text-font-weight );\">&#8211; &#8211; &#8211;<\/span><\/p>\n<p>Grunds\u00e4tzlich empfiehlt die B\u00fcndner Kantonsschule keinen spezifischen Anbieter f\u00fcr die Beschaffung von BYOD-Ger\u00e4ten, es besteht jedoch f\u00fcr Studenten die M\u00f6glichkeit via Projekt Neptun ein Ger\u00e4t zu beziehen. <strong><a href=\"https:\/\/projektneptun.ch\/de\/byod\/bks\" target=\"_blank\" rel=\"noreferrer noopener\">https:\/\/projektneptun.ch\/de\/byod\/bks<\/a> <\/strong><\/p>\n<p><!-- \/wp:paragraph --><\/p>\n<p><!-- wp:paragraph --><\/p>\n<p>Weitere Informationen zur Stiftung Studenten-Discount (SSD), welche Projekt Neptun betreibt, sind auf folgender Homepage zu finden: <a href=\"https:\/\/projektneptun.ch\/\" target=\"_blank\" rel=\"noreferrer noopener\"><strong>https:\/\/projektneptun.ch<\/strong>\/<\/a><\/p>\n<p><!-- \/wp:paragraph --><\/p>\n<p><!-- wp:paragraph --><\/p>\n<p>F\u00fcr die Bestellung bei Projekt Neptun wird ein Code ben\u00f6tigt, welcher best\u00e4tigt, dass Sie an der BKS studieren. Den Code erhalten Sie in einem Schreiben oder kann bei der <a href=\"mailto:informatik@bks-campus.ch?subject=Projekt Neptun Code\"><strong>BKS Informatik<\/strong><\/a> angefragt werden sobald das Bestellfenster bei Projekt Neptun offen ist.<br>Unter Beachtung der oben genannten Mindestanforderungen steht es Ihnen selbstverst\u00e4ndlich frei, Ihr Ger\u00e4t bei anderen Lieferanten\/H\u00e4ndlern zu beziehen.<\/p>\n<p><!-- \/wp:paragraph --><\/p>\n<\/figure>\n<p><!-- \/wp:table --><\/p>\t\t\t\t\t\t\t\t<\/div>\n\t\t\t\t<\/div>\n\t\t\t\t\t<\/div>\n\t\t<\/div>\n\t\t\t\t\t<\/div>\n\t\t<\/section>\n\t\t\t\t<\/div>\n\t\t","protected":false},"excerpt":{"rendered":"<p>Hallo liebe Sch\u00fclerinnen und Sch\u00fcler, guten Tag liebe Eltern seit dem Schuljahr 2022\/2023 werden die jeweiligen Eintrittsklassen (Gymnasium 1.UG und 3.G, sowie HMS 4.H und FMS 4.F) an der B\u00fcndner Kantonsschule (BKS) dazu verpflichtet, einen eigenen Computer f\u00fcr den Unterricht mitzubringen (die&#8230;<\/p>\n","protected":false},"author":1,"featured_media":0,"parent":0,"menu_order":2,"comment_status":"closed","ping_status":"closed","template":"","meta":{"footnotes":""},"class_list":["post-4382","page","type-page","status-publish","hentry"],"_links":{"self":[{"href":"https:\/\/portal.bks-campus.ch\/index.php?rest_route=\/wp\/v2\/pages\/4382","targetHints":{"allow":["GET"]}}],"collection":[{"href":"https:\/\/portal.bks-campus.ch\/index.php?rest_route=\/wp\/v2\/pages"}],"about":[{"href":"https:\/\/portal.bks-campus.ch\/index.php?rest_route=\/wp\/v2\/types\/page"}],"author":[{"embeddable":true,"href":"https:\/\/portal.bks-campus.ch\/index.php?rest_route=\/wp\/v2\/users\/1"}],"replies":[{"embeddable":true,"href":"https:\/\/portal.bks-campus.ch\/index.php?rest_route=%2Fwp%2Fv2%2Fcomments&post=4382"}],"version-history":[{"count":0,"href":"https:\/\/portal.bks-campus.ch\/index.php?rest_route=\/wp\/v2\/pages\/4382\/revisions"}],"wp:attachment":[{"href":"https:\/\/portal.bks-campus.ch\/index.php?rest_route=%2Fwp%2Fv2%2Fmedia&parent=4382"}],"curies":[{"name":"wp","href":"https:\/\/api.w.org\/{rel}","templated":true}]}}