{"id":804,"date":"2019-10-01T15:37:20","date_gmt":"2019-10-01T13:37:20","guid":{"rendered":"https:\/\/portal.bks-campus.ch\/?page_id=804"},"modified":"2024-06-10T12:09:53","modified_gmt":"2024-06-10T10:09:53","slug":"wartungsfenster","status":"publish","type":"page","link":"https:\/\/portal.bks-campus.ch\/?page_id=804","title":{"rendered":"Wartungsfenster"},"content":{"rendered":"\t\t<div data-elementor-type=\"wp-page\" data-elementor-id=\"804\" class=\"elementor elementor-804\">\n\t\t\t\t\t\t<section class=\"elementor-section elementor-top-section elementor-element elementor-element-7be39848 elementor-section-boxed elementor-section-height-default elementor-section-height-default\" data-id=\"7be39848\" data-element_type=\"section\" data-e-type=\"section\">\n\t\t\t\t\t\t<div class=\"elementor-container elementor-column-gap-default\">\n\t\t\t\t\t<div class=\"elementor-column elementor-col-100 elementor-top-column elementor-element elementor-element-69749f2b\" data-id=\"69749f2b\" data-element_type=\"column\" data-e-type=\"column\">\n\t\t\t<div class=\"elementor-widget-wrap elementor-element-populated\">\n\t\t\t\t\t\t<div class=\"elementor-element elementor-element-5f23d8e7 elementor-widget elementor-widget-text-editor\" data-id=\"5f23d8e7\" data-element_type=\"widget\" data-e-type=\"widget\" data-widget_type=\"text-editor.default\">\n\t\t\t\t<div class=\"elementor-widget-container\">\n\t\t\t\t\t\t\t\t\t<p><\/p>\n<p><u><strong>Regul\u00e4re Wartungsfenster<\/strong>:<\/u><\/p>\n<p><\/p>\n<p><\/p>\n<p>W\u00e4hrend dieser Zeiten k\u00f6nnen einzelne Systeme ohne Vorank\u00fcndigung gestoppt werden:<\/p>\n<p><\/p>\n<p><\/p>\n<p>jeweils <b>Mittwochs<\/b>:&nbsp;&nbsp;&nbsp;&nbsp; 17:30 &#8211; 23:00<br>jeweils <b>Donnerstags<\/b>: 18:30 &#8211; 23:00<\/p>\n<p>und ebenfalls jeweils <b>w\u00e4hrend der Schulferien<\/b>!<\/p>\n<p><br><\/p>\n<p><\/p>\n<p><\/p>\n<p><\/p>\n<p><u><strong>Kurzfristig angek\u00fcndigte Wartungsfenster<\/strong>:<\/u><\/p>\n<p><\/p>\n<p><\/p>\n<p>Wartungsfenster ausserhalb der regul\u00e4ren Wartung werden im Portal (Startseite) angek\u00fcndigt.<\/p>\n<p><\/p>\t\t\t\t\t\t\t\t<\/div>\n\t\t\t\t<\/div>\n\t\t\t\t\t<\/div>\n\t\t<\/div>\n\t\t\t\t\t<\/div>\n\t\t<\/section>\n\t\t\t\t<\/div>\n\t\t","protected":false},"excerpt":{"rendered":"<p>Regul\u00e4re Wartungsfenster: W\u00e4hrend dieser Zeiten k\u00f6nnen einzelne Systeme ohne Vorank\u00fcndigung gestoppt werden: jeweils Mittwochs:&nbsp;&nbsp;&nbsp;&nbsp; 17:30 &#8211; 23:00jeweils Donnerstags: 18:30 &#8211; 23:00 und ebenfalls jeweils w\u00e4hrend der Schulferien! Kurzfristig angek\u00fcndigte Wartungsfenster: Wartungsfenster ausserhalb der regul\u00e4ren Wartung werden im Portal (Startseite) angek\u00fcndigt.<\/p>\n","protected":false},"author":3,"featured_media":806,"parent":156,"menu_order":0,"comment_status":"closed","ping_status":"closed","template":"","meta":{"footnotes":""},"class_list":["post-804","page","type-page","status-publish","has-post-thumbnail","hentry"],"_links":{"self":[{"href":"https:\/\/portal.bks-campus.ch\/index.php?rest_route=\/wp\/v2\/pages\/804","targetHints":{"allow":["GET"]}}],"collection":[{"href":"https:\/\/portal.bks-campus.ch\/index.php?rest_route=\/wp\/v2\/pages"}],"about":[{"href":"https:\/\/portal.bks-campus.ch\/index.php?rest_route=\/wp\/v2\/types\/page"}],"author":[{"embeddable":true,"href":"https:\/\/portal.bks-campus.ch\/index.php?rest_route=\/wp\/v2\/users\/3"}],"replies":[{"embeddable":true,"href":"https:\/\/portal.bks-campus.ch\/index.php?rest_route=%2Fwp%2Fv2%2Fcomments&post=804"}],"version-history":[{"count":0,"href":"https:\/\/portal.bks-campus.ch\/index.php?rest_route=\/wp\/v2\/pages\/804\/revisions"}],"up":[{"embeddable":true,"href":"https:\/\/portal.bks-campus.ch\/index.php?rest_route=\/wp\/v2\/pages\/156"}],"wp:featuredmedia":[{"embeddable":true,"href":"https:\/\/portal.bks-campus.ch\/index.php?rest_route=\/wp\/v2\/media\/806"}],"wp:attachment":[{"href":"https:\/\/portal.bks-campus.ch\/index.php?rest_route=%2Fwp%2Fv2%2Fmedia&parent=804"}],"curies":[{"name":"wp","href":"https:\/\/api.w.org\/{rel}","templated":true}]}}